{"id":16504,"date":"2023-07-07T15:40:09","date_gmt":"2023-07-07T15:40:09","guid":{"rendered":"https:\/\/test.imme.hu\/shop-2\/"},"modified":"2023-07-07T15:40:09","modified_gmt":"2023-07-07T15:40:09","slug":"products","status":"publish","type":"page","link":"https:\/\/imme.hu\/en\/products\/","title":{"rendered":"Products"},"content":{"rendered":"\t\t<div data-elementor-type=\"wp-page\" data-elementor-id=\"16504\" class=\"elementor elementor-16504\" wpc-filter-elementor-widget=\"1\">\n\t\t\t\t\t\t<section class=\"elementor-section elementor-top-section elementor-element elementor-element-1c5b0d9 elementor-section-full_width elementor-section-height-min-height elementor-section-height-default elementor-section-items-middle wpr-particle-no wpr-jarallax-no wpr-parallax-no wpr-sticky-section-no wpr-equal-height-no\" data-id=\"1c5b0d9\" data-element_type=\"section\" data-e-type=\"section\" data-settings=\"{&quot;background_background&quot;:&quot;classic&quot;}\">\n\t\t\t\t\t\t\t<div class=\"elementor-background-overlay\"><\/div>\n\t\t\t\t\t\t\t<div class=\"elementor-container elementor-column-gap-default\">\n\t\t\t\t\t<div class=\"elementor-column elementor-col-100 elementor-top-column elementor-element elementor-element-93fae80\" data-id=\"93fae80\" data-element_type=\"column\" data-e-type=\"column\">\n\t\t\t<div class=\"elementor-widget-wrap elementor-element-populated\">\n\t\t\t\t\t\t<div class=\"elementor-element elementor-element-b1c677b elementor-widget elementor-widget-heading\" data-id=\"b1c677b\" data-element_type=\"widget\" data-e-type=\"widget\" data-widget_type=\"heading.default\">\n\t\t\t\t<div class=\"elementor-widget-container\">\n\t\t\t\t\t<h2 class=\"elementor-heading-title elementor-size-default\">Our products<\/h2>\t\t\t\t<\/div>\n\t\t\t\t<\/div>\n\t\t\t\t\t<\/div>\n\t\t<\/div>\n\t\t\t\t\t<\/div>\n\t\t<\/section>\n\t\t\t\t<section class=\"elementor-section elementor-top-section elementor-element elementor-element-5b4792f elementor-section-boxed elementor-section-height-default elementor-section-height-default wpr-particle-no wpr-jarallax-no wpr-parallax-no wpr-sticky-section-no wpr-equal-height-no\" data-id=\"5b4792f\" data-element_type=\"section\" data-e-type=\"section\">\n\t\t\t\t\t\t<div class=\"elementor-container elementor-column-gap-default\">\n\t\t\t\t\t<div class=\"elementor-column elementor-col-50 elementor-top-column elementor-element elementor-element-665f772\" data-id=\"665f772\" data-element_type=\"column\" data-e-type=\"column\">\n\t\t\t<div class=\"elementor-widget-wrap elementor-element-populated\">\n\t\t\t\t\t\t\t<\/div>\n\t\t<\/div>\n\t\t\t\t<div class=\"elementor-column elementor-col-50 elementor-top-column elementor-element elementor-element-f503184\" data-id=\"f503184\" data-element_type=\"column\" data-e-type=\"column\">\n\t\t\t<div class=\"elementor-widget-wrap elementor-element-populated\">\n\t\t\t\t\t\t<div class=\"elementor-element elementor-element-2b52cad eael-product-grid-column-3 elementor-widget elementor-widget-eicon-woocommerce\" data-id=\"2b52cad\" data-element_type=\"widget\" data-e-type=\"widget\" data-widget_type=\"eicon-woocommerce.default\">\n\t\t\t\t<div class=\"elementor-widget-container\">\n\t\t\t\t\t\n        <div class=\"eael-product-grid eael-product-simple grid\" id=\"eael-product-grid\" data-widget-id=\"2b52cad\" data-page-id=\"16504\" data-nonce=\"3b29f9903c\" >\n            <div class=\"woocommerce\">\n                <p class=\"no-posts-found\">No posts found!<\/p>            <\/div>\n        <\/div>\n\n        <script type=\"text\/javascript\">\n            jQuery(document).ready(function($) {\n                var $scope = jQuery(\".elementor-element-2b52cad\");\n                var $products = $('.products', $scope);\n                var $layout_mode = $products.data('layout-mode');\n                \n                if ( $layout_mode === 'masonry' ) {\n                    \/\/ init isotope\n                    var $isotope_products = $products.isotope({\n                        itemSelector: \"li.product\",\n                        layoutMode: $layout_mode,\n                        percentPosition: true\n                    });\n\n                    $isotope_products.imagesLoaded().progress( function() {\n                        $isotope_products.isotope('layout');\n                    })\n                    \n                }\n            });\n        <\/script>\n        \t\t\t\t<\/div>\n\t\t\t\t<\/div>\n\t\t\t\t\t<\/div>\n\t\t<\/div>\n\t\t\t\t\t<\/div>\n\t\t<\/section>\n\t\t\t\t<\/div>\n\t\t","protected":false},"excerpt":{"rendered":"<p>Our products Date Powder 1 816.00&#70;&#116; Opci\u00f3k v\u00e1laszt\u00e1sa Pistachio paste 18 783.00&#70;&#116; Opci\u00f3k v\u00e1laszt\u00e1sa Dried strawberry slices 159 089.00&#70;&#116; Opci\u00f3k v\u00e1laszt\u00e1sa Dried Lemon Slices 26 184.00&#70;&#116; Opci\u00f3k v\u00e1laszt\u00e1sa Dried Lime 47 710.00&#70;&#116; Opci\u00f3k v\u00e1laszt\u00e1sa Dried Grapefruit Slices 49 465.00&#70;&#116; Opci\u00f3k v\u00e1laszt\u00e1sa Dried Blood Orange Slices 34 690.00&#70;&#116; Opci\u00f3k v\u00e1laszt\u00e1sa Rose Water 3 092.00&#70;&#116; Opci\u00f3k v\u00e1laszt\u00e1sa Rose Petals 21 276.00&#70;&#116; Opci\u00f3k v\u00e1laszt\u00e1sa Rose Buds 24 814.00&#70;&#116; Opci\u00f3k v\u00e1laszt\u00e1sa Date Paste 11 766.00&#70;&#116; Opci\u00f3k v\u00e1laszt\u00e1sa Date syrup 13 770.00&#70;&#116; Opci\u00f3k v\u00e1laszt\u00e1sa Dried barberry 29 021.00&#70;&#116; Opci\u00f3k v\u00e1laszt\u00e1sa Dried Orange 33 673.00&#70;&#116; Opci\u00f3k v\u00e1laszt\u00e1sa Diced Date 10 139.00&#70;&#116; Opci\u00f3k v\u00e1laszt\u00e1sa Rose Powder 50 089.00&#70;&#116; Opci\u00f3k v\u00e1laszt\u00e1sa<\/p>\n","protected":false},"author":1,"featured_media":0,"parent":0,"menu_order":0,"comment_status":"closed","ping_status":"closed","template":"","meta":{"footnotes":""},"class_list":["post-16504","page","type-page","status-publish","hentry"],"_links":{"self":[{"href":"https:\/\/imme.hu\/en\/wp-json\/wp\/v2\/pages\/16504","targetHints":{"allow":["GET"]}}],"collection":[{"href":"https:\/\/imme.hu\/en\/wp-json\/wp\/v2\/pages"}],"about":[{"href":"https:\/\/imme.hu\/en\/wp-json\/wp\/v2\/types\/page"}],"author":[{"embeddable":true,"href":"https:\/\/imme.hu\/en\/wp-json\/wp\/v2\/users\/1"}],"replies":[{"embeddable":true,"href":"https:\/\/imme.hu\/en\/wp-json\/wp\/v2\/comments?post=16504"}],"version-history":[{"count":0,"href":"https:\/\/imme.hu\/en\/wp-json\/wp\/v2\/pages\/16504\/revisions"}],"wp:attachment":[{"href":"https:\/\/imme.hu\/en\/wp-json\/wp\/v2\/media?parent=16504"}],"curies":[{"name":"wp","href":"https:\/\/api.w.org\/{rel}","templated":true}]}}